{"id":29,"date":"2025-09-07T11:51:08","date_gmt":"2025-09-07T11:51:08","guid":{"rendered":"https:\/\/medicmental.fi\/?page_id=29"},"modified":"2025-09-07T17:13:00","modified_gmt":"2025-09-07T17:13:00","slug":"yhteystiedot","status":"publish","type":"page","link":"https:\/\/medicmental.fi\/?page_id=29","title":{"rendered":"Yhteystiedot"},"content":{"rendered":"\n<div class=\"wp-block-media-text is-stacked-on-mobile\"><figure class=\"wp-block-media-text__media\"><img loading=\"lazy\" decoding=\"async\" width=\"794\" height=\"1024\" src=\"https:\/\/medicmental.fi\/wp-content\/uploads\/2025\/09\/image-12-794x1024.png\" alt=\"\" class=\"wp-image-55 size-full\" srcset=\"https:\/\/medicmental.fi\/wp-content\/uploads\/2025\/09\/image-12-794x1024.png 794w, https:\/\/medicmental.fi\/wp-content\/uploads\/2025\/09\/image-12-233x300.png 233w, https:\/\/medicmental.fi\/wp-content\/uploads\/2025\/09\/image-12-768x991.png 768w, https:\/\/medicmental.fi\/wp-content\/uploads\/2025\/09\/image-12.png 1051w\" sizes=\"auto, (max-width: 794px) 100vw, 794px\" \/><\/figure><div class=\"wp-block-media-text__content\">\n<p>S\u00e4hk\u00f6posti: medic.mentaltuki@gmail.com<\/p>\n\n\n\n<p>\ud83d\udc49 Haluatko kysy\u00e4 lis\u00e4\u00e4 tai jutella valmennuksesta?<\/p>\n\n\n\n<p>T\u00e4yt\u00e4 lomake, niin palaan sinulle pian.<\/p>\n\n\n\n<div class=\"wp-block-buttons is-layout-flex wp-block-buttons-is-layout-flex\">\n<div class=\"wp-block-button\"><a class=\"wp-block-button__link wp-element-button\" href=\"https:\/\/medicmental.kit.com\/8a85ff8a67\">T\u00e4st\u00e4 lomakkeeseen!<\/a><\/div>\n<\/div>\n<\/div><\/div>\n","protected":false},"excerpt":{"rendered":"","protected":false},"author":1,"featured_media":0,"parent":0,"menu_order":0,"comment_status":"closed","ping_status":"closed","template":"","meta":{"_kad_post_transparent":"","_kad_post_title":"","_kad_post_layout":"","_kad_post_sidebar_id":"","_kad_post_content_style":"","_kad_post_vertical_padding":"","_kad_post_feature":"","_kad_post_feature_position":"","_kad_post_header":false,"_kad_post_footer":false,"footnotes":""},"class_list":["post-29","page","type-page","status-publish","hentry"],"_links":{"self":[{"href":"https:\/\/medicmental.fi\/index.php?rest_route=\/wp\/v2\/pages\/29","targetHints":{"allow":["GET"]}}],"collection":[{"href":"https:\/\/medicmental.fi\/index.php?rest_route=\/wp\/v2\/pages"}],"about":[{"href":"https:\/\/medicmental.fi\/index.php?rest_route=\/wp\/v2\/types\/page"}],"author":[{"embeddable":true,"href":"https:\/\/medicmental.fi\/index.php?rest_route=\/wp\/v2\/users\/1"}],"replies":[{"embeddable":true,"href":"https:\/\/medicmental.fi\/index.php?rest_route=%2Fwp%2Fv2%2Fcomments&post=29"}],"version-history":[{"count":6,"href":"https:\/\/medicmental.fi\/index.php?rest_route=\/wp\/v2\/pages\/29\/revisions"}],"predecessor-version":[{"id":80,"href":"https:\/\/medicmental.fi\/index.php?rest_route=\/wp\/v2\/pages\/29\/revisions\/80"}],"wp:attachment":[{"href":"https:\/\/medicmental.fi\/index.php?rest_route=%2Fwp%2Fv2%2Fmedia&parent=29"}],"curies":[{"name":"wp","href":"https:\/\/api.w.org\/{rel}","templated":true}]}}