{"id":27,"date":"2025-09-07T11:50:40","date_gmt":"2025-09-07T11:50:40","guid":{"rendered":"https:\/\/medicmental.fi\/?page_id=27"},"modified":"2025-09-07T16:10:14","modified_gmt":"2025-09-07T16:10:14","slug":"kokemukset","status":"publish","type":"page","link":"https:\/\/medicmental.fi\/?page_id=27","title":{"rendered":"Kokemukset"},"content":{"rendered":"\n<h1 class=\"wp-block-heading\">Kokemuksia valmennuksesta<\/h1>\n\n\n\n<blockquote class=\"wp-block-quote is-layout-flow wp-block-quote-is-layout-flow\">\n<p>Nelj\u00e4n vuoden aikana olen saanut todistaa monia menestystarinoita.<\/p>\n<\/blockquote>\n\n\n\n<div class=\"wp-block-columns is-layout-flex wp-container-core-columns-is-layout-9d6595d7 wp-block-columns-is-layout-flex\">\n<div class=\"wp-block-column is-layout-flow wp-block-column-is-layout-flow\">\n<div class=\"wp-block-media-text is-stacked-on-mobile\" style=\"grid-template-columns:49% auto\"><figure class=\"wp-block-media-text__media\"><img loading=\"lazy\" decoding=\"async\" width=\"698\" height=\"497\" src=\"https:\/\/medicmental.fi\/wp-content\/uploads\/2025\/09\/image-10.png\" alt=\"\" class=\"wp-image-53 size-full\" srcset=\"https:\/\/medicmental.fi\/wp-content\/uploads\/2025\/09\/image-10.png 698w, https:\/\/medicmental.fi\/wp-content\/uploads\/2025\/09\/image-10-300x214.png 300w\" sizes=\"auto, (max-width: 698px) 100vw, 698px\" \/><\/figure><div class=\"wp-block-media-text__content\">\n<figure class=\"wp-block-image size-full\"><img loading=\"lazy\" decoding=\"async\" width=\"712\" height=\"708\" src=\"https:\/\/medicmental.fi\/wp-content\/uploads\/2025\/09\/image-8.png\" alt=\"\" class=\"wp-image-51\" srcset=\"https:\/\/medicmental.fi\/wp-content\/uploads\/2025\/09\/image-8.png 712w, https:\/\/medicmental.fi\/wp-content\/uploads\/2025\/09\/image-8-300x298.png 300w, https:\/\/medicmental.fi\/wp-content\/uploads\/2025\/09\/image-8-150x150.png 150w\" sizes=\"auto, (max-width: 712px) 100vw, 712px\" \/><figcaption class=\"wp-element-caption\">-Medic Mentalin oppilas<\/figcaption><\/figure>\n<\/div><\/div>\n\n\n\n<div class=\"wp-block-media-text is-stacked-on-mobile\" style=\"grid-template-columns:55% auto\"><figure class=\"wp-block-media-text__media\"><img loading=\"lazy\" decoding=\"async\" width=\"820\" height=\"711\" src=\"https:\/\/medicmental.fi\/wp-content\/uploads\/2025\/09\/image-11.png\" alt=\"\" class=\"wp-image-54 size-full\" srcset=\"https:\/\/medicmental.fi\/wp-content\/uploads\/2025\/09\/image-11.png 820w, https:\/\/medicmental.fi\/wp-content\/uploads\/2025\/09\/image-11-300x260.png 300w, https:\/\/medicmental.fi\/wp-content\/uploads\/2025\/09\/image-11-768x666.png 768w\" sizes=\"auto, (max-width: 820px) 100vw, 820px\" \/><\/figure><div class=\"wp-block-media-text__content\"><\/div><\/div>\n\n\n\n<figure class=\"wp-block-image size-large is-resized\"><img loading=\"lazy\" decoding=\"async\" width=\"500\" height=\"1024\" src=\"https:\/\/medicmental.fi\/wp-content\/uploads\/2025\/09\/image-5-500x1024.png\" alt=\"\" class=\"wp-image-48\" style=\"width:336px;height:auto\" srcset=\"https:\/\/medicmental.fi\/wp-content\/uploads\/2025\/09\/image-5-500x1024.png 500w, https:\/\/medicmental.fi\/wp-content\/uploads\/2025\/09\/image-5-147x300.png 147w, https:\/\/medicmental.fi\/wp-content\/uploads\/2025\/09\/image-5-768x1572.png 768w, https:\/\/medicmental.fi\/wp-content\/uploads\/2025\/09\/image-5-750x1536.png 750w, https:\/\/medicmental.fi\/wp-content\/uploads\/2025\/09\/image-5.png 855w\" sizes=\"auto, (max-width: 500px) 100vw, 500px\" \/><figcaption class=\"wp-element-caption\">-Sonia, l\u00e4\u00e4kikseen matkalla<\/figcaption><\/figure>\n\n\n\n<div class=\"wp-block-media-text is-stacked-on-mobile\" style=\"grid-template-columns:36% auto\"><figure class=\"wp-block-media-text__media\"><img loading=\"lazy\" decoding=\"async\" width=\"757\" height=\"439\" src=\"https:\/\/medicmental.fi\/wp-content\/uploads\/2025\/09\/image-9.png\" alt=\"\" class=\"wp-image-52 size-full\" srcset=\"https:\/\/medicmental.fi\/wp-content\/uploads\/2025\/09\/image-9.png 757w, https:\/\/medicmental.fi\/wp-content\/uploads\/2025\/09\/image-9-300x174.png 300w\" sizes=\"auto, (max-width: 757px) 100vw, 757px\" \/><\/figure><div class=\"wp-block-media-text__content\">\n<figure class=\"wp-block-image size-large\"><img loading=\"lazy\" decoding=\"async\" width=\"626\" height=\"1024\" src=\"https:\/\/medicmental.fi\/wp-content\/uploads\/2025\/09\/image-2-626x1024.png\" alt=\"\" class=\"wp-image-45\" srcset=\"https:\/\/medicmental.fi\/wp-content\/uploads\/2025\/09\/image-2-626x1024.png 626w, https:\/\/medicmental.fi\/wp-content\/uploads\/2025\/09\/image-2-183x300.png 183w, https:\/\/medicmental.fi\/wp-content\/uploads\/2025\/09\/image-2-768x1256.png 768w, https:\/\/medicmental.fi\/wp-content\/uploads\/2025\/09\/image-2.png 877w\" sizes=\"auto, (max-width: 626px) 100vw, 626px\" \/><figcaption class=\"wp-element-caption\">-Ilona, l\u00e4\u00e4kikseen kolmannella yrityksell\u00e4<\/figcaption><\/figure>\n<\/div><\/div>\n\n\n\n<figure class=\"wp-block-image size-large is-resized\"><img loading=\"lazy\" decoding=\"async\" width=\"547\" height=\"1024\" src=\"https:\/\/medicmental.fi\/wp-content\/uploads\/2025\/09\/image-4-547x1024.png\" alt=\"\" class=\"wp-image-47\" style=\"width:341px;height:auto\" srcset=\"https:\/\/medicmental.fi\/wp-content\/uploads\/2025\/09\/image-4-547x1024.png 547w, https:\/\/medicmental.fi\/wp-content\/uploads\/2025\/09\/image-4-160x300.png 160w, https:\/\/medicmental.fi\/wp-content\/uploads\/2025\/09\/image-4-768x1437.png 768w, https:\/\/medicmental.fi\/wp-content\/uploads\/2025\/09\/image-4-821x1536.png 821w, https:\/\/medicmental.fi\/wp-content\/uploads\/2025\/09\/image-4.png 868w\" sizes=\"auto, (max-width: 547px) 100vw, 547px\" \/><figcaption class=\"wp-element-caption\">-Nea, l\u00e4\u00e4kikseen nelj\u00e4nnell\u00e4 yrityksell\u00e4<\/figcaption><\/figure>\n<\/div>\n\n\n\n<div class=\"wp-block-column is-layout-flow wp-block-column-is-layout-flow\">\n<figure class=\"wp-block-image size-full is-resized\"><img loading=\"lazy\" decoding=\"async\" width=\"832\" height=\"791\" src=\"https:\/\/medicmental.fi\/wp-content\/uploads\/2025\/09\/image-6.png\" alt=\"\" class=\"wp-image-49\" style=\"width:291px;height:auto\" srcset=\"https:\/\/medicmental.fi\/wp-content\/uploads\/2025\/09\/image-6.png 832w, https:\/\/medicmental.fi\/wp-content\/uploads\/2025\/09\/image-6-300x285.png 300w, https:\/\/medicmental.fi\/wp-content\/uploads\/2025\/09\/image-6-768x730.png 768w\" sizes=\"auto, (max-width: 832px) 100vw, 832px\" \/><figcaption class=\"wp-element-caption\">-Riina, Medic Mentalin oppilas<\/figcaption><\/figure>\n\n\n\n<figure class=\"wp-block-image size-full is-resized\"><img loading=\"lazy\" decoding=\"async\" width=\"821\" height=\"653\" src=\"https:\/\/medicmental.fi\/wp-content\/uploads\/2025\/09\/image-3.png\" alt=\"\" class=\"wp-image-46\" style=\"width:360px;height:auto\" srcset=\"https:\/\/medicmental.fi\/wp-content\/uploads\/2025\/09\/image-3.png 821w, https:\/\/medicmental.fi\/wp-content\/uploads\/2025\/09\/image-3-300x239.png 300w, https:\/\/medicmental.fi\/wp-content\/uploads\/2025\/09\/image-3-768x611.png 768w\" sizes=\"auto, (max-width: 821px) 100vw, 821px\" \/><figcaption class=\"wp-element-caption\">-Sigrit, l\u00e4\u00e4kikseen nelj\u00e4nnell\u00e4 yrityksell\u00e4<\/figcaption><\/figure>\n\n\n\n<figure class=\"wp-block-image size-large is-resized\"><img loading=\"lazy\" decoding=\"async\" width=\"471\" height=\"1024\" src=\"https:\/\/medicmental.fi\/wp-content\/uploads\/2025\/09\/image-1-471x1024.png\" alt=\"\" class=\"wp-image-44\" style=\"width:366px;height:auto\" srcset=\"https:\/\/medicmental.fi\/wp-content\/uploads\/2025\/09\/image-1-471x1024.png 471w, https:\/\/medicmental.fi\/wp-content\/uploads\/2025\/09\/image-1-138x300.png 138w, https:\/\/medicmental.fi\/wp-content\/uploads\/2025\/09\/image-1-768x1668.png 768w, https:\/\/medicmental.fi\/wp-content\/uploads\/2025\/09\/image-1-707x1536.png 707w, https:\/\/medicmental.fi\/wp-content\/uploads\/2025\/09\/image-1.png 848w\" sizes=\"auto, (max-width: 471px) 100vw, 471px\" \/><\/figure>\n\n\n\n<figure class=\"wp-block-image size-full is-resized\"><img loading=\"lazy\" decoding=\"async\" width=\"614\" height=\"699\" src=\"https:\/\/medicmental.fi\/wp-content\/uploads\/2025\/09\/image-7.png\" alt=\"\" class=\"wp-image-50\" style=\"width:348px;height:auto\" srcset=\"https:\/\/medicmental.fi\/wp-content\/uploads\/2025\/09\/image-7.png 614w, https:\/\/medicmental.fi\/wp-content\/uploads\/2025\/09\/image-7-264x300.png 264w\" sizes=\"auto, (max-width: 614px) 100vw, 614px\" \/><figcaption class=\"wp-element-caption\">-Medic Mentalin oppilas<\/figcaption><\/figure>\n\n\n\n<figure class=\"wp-block-image size-full is-resized\"><img loading=\"lazy\" decoding=\"async\" width=\"698\" height=\"497\" src=\"https:\/\/medicmental.fi\/wp-content\/uploads\/2025\/09\/image-10.png\" alt=\"\" class=\"wp-image-53\" style=\"width:362px;height:auto\" srcset=\"https:\/\/medicmental.fi\/wp-content\/uploads\/2025\/09\/image-10.png 698w, https:\/\/medicmental.fi\/wp-content\/uploads\/2025\/09\/image-10-300x214.png 300w\" sizes=\"auto, (max-width: 698px) 100vw, 698px\" \/><figcaption class=\"wp-element-caption\">-Medic Mentalin oppilas<\/figcaption><\/figure>\n<\/div>\n<\/div>\n\n\n\n<div class=\"wp-block-columns is-layout-flex wp-container-core-columns-is-layout-9d6595d7 wp-block-columns-is-layout-flex\">\n<div class=\"wp-block-column is-layout-flow wp-block-column-is-layout-flow\"><\/div>\n\n\n\n<div class=\"wp-block-column is-layout-flow wp-block-column-is-layout-flow\"><\/div>\n<\/div>\n\n\n\n<p><\/p>\n","protected":false},"excerpt":{"rendered":"<p>Kokemuksia valmennuksesta Nelj\u00e4n vuoden aikana olen saanut todistaa monia menestystarinoita.<\/p>\n","protected":false},"author":1,"featured_media":0,"parent":0,"menu_order":0,"comment_status":"closed","ping_status":"closed","template":"","meta":{"_kad_post_transparent":"","_kad_post_title":"","_kad_post_layout":"","_kad_post_sidebar_id":"","_kad_post_content_style":"","_kad_post_vertical_padding":"","_kad_post_feature":"","_kad_post_feature_position":"","_kad_post_header":false,"_kad_post_footer":false,"footnotes":""},"class_list":["post-27","page","type-page","status-publish","hentry"],"_links":{"self":[{"href":"https:\/\/medicmental.fi\/index.php?rest_route=\/wp\/v2\/pages\/27","targetHints":{"allow":["GET"]}}],"collection":[{"href":"https:\/\/medicmental.fi\/index.php?rest_route=\/wp\/v2\/pages"}],"about":[{"href":"https:\/\/medicmental.fi\/index.php?rest_route=\/wp\/v2\/types\/page"}],"author":[{"embeddable":true,"href":"https:\/\/medicmental.fi\/index.php?rest_route=\/wp\/v2\/users\/1"}],"replies":[{"embeddable":true,"href":"https:\/\/medicmental.fi\/index.php?rest_route=%2Fwp%2Fv2%2Fcomments&post=27"}],"version-history":[{"count":6,"href":"https:\/\/medicmental.fi\/index.php?rest_route=\/wp\/v2\/pages\/27\/revisions"}],"predecessor-version":[{"id":65,"href":"https:\/\/medicmental.fi\/index.php?rest_route=\/wp\/v2\/pages\/27\/revisions\/65"}],"wp:attachment":[{"href":"https:\/\/medicmental.fi\/index.php?rest_route=%2Fwp%2Fv2%2Fmedia&parent=27"}],"curies":[{"name":"wp","href":"https:\/\/api.w.org\/{rel}","templated":true}]}}