{"id":25,"date":"2025-09-07T11:50:16","date_gmt":"2025-09-07T11:50:16","guid":{"rendered":"https:\/\/medicmental.fi\/?page_id=25"},"modified":"2025-11-21T07:20:14","modified_gmt":"2025-11-21T07:20:14","slug":"palvelut","status":"publish","type":"page","link":"https:\/\/medicmental.fi\/?page_id=25","title":{"rendered":"Palvelut"},"content":{"rendered":"\n<h2 class=\"wp-block-heading\">Medic Mental \u2013 Kev\u00e4\u00e4n 2026 Valmennus<\/h2>\n\n\n\n<p><strong>Mielen ja paineensietokyvyn valmennus l\u00e4\u00e4kiksen hakijoille. Tuodaan potentiaalisi esiin koetilanteessa!<\/strong><\/p>\n\n\n\n<figure class=\"wp-block-image size-large\"><img loading=\"lazy\" decoding=\"async\" width=\"1024\" height=\"312\" src=\"https:\/\/medicmental.fi\/wp-content\/uploads\/2025\/11\/Nayttokuva-2025-11-21-kello-9.09.05-1024x312.png\" alt=\"\" class=\"wp-image-99\" srcset=\"https:\/\/medicmental.fi\/wp-content\/uploads\/2025\/11\/Nayttokuva-2025-11-21-kello-9.09.05-1024x312.png 1024w, https:\/\/medicmental.fi\/wp-content\/uploads\/2025\/11\/Nayttokuva-2025-11-21-kello-9.09.05-300x92.png 300w, https:\/\/medicmental.fi\/wp-content\/uploads\/2025\/11\/Nayttokuva-2025-11-21-kello-9.09.05-768x234.png 768w, https:\/\/medicmental.fi\/wp-content\/uploads\/2025\/11\/Nayttokuva-2025-11-21-kello-9.09.05.png 1436w\" sizes=\"auto, (max-width: 1024px) 100vw, 1024px\" \/><\/figure>\n\n\n\n<h2 class=\"wp-block-heading\"><strong>Miksi Medic Mental syntyi<\/strong><\/h2>\n\n\n\n<p>L\u00e4\u00e4kiksen p\u00e4\u00e4sykoe ei testaa vain tietoa \u2013 se testaa my\u00f6s mielenhallintaa.<br>Olen itse k\u00e4ynyt viisi hakuprosessia l\u00e4pi, ja siksi halusin luoda valmennuksen, jossa jaan kaikki oppini ja keinot onnistumiseen. Kehitin itse uusia systeemej\u00e4 ja malleja, jotka auttoivat hallitsemaan j\u00e4nnityst\u00e4 ja toivat rytmi\u00e4 ja kehittiv\u00e4t minua kev\u00e4\u00e4n aikana.&nbsp;<\/p>\n\n\n\n<p>Haluan auttaa sinun hakuasi olemalla vertaistukena ja opettamalla oivallukset, joiden avulla vihdoin onnistuin p\u00e4\u00e4sykokeessa! N\u00e4ill\u00e4 keinoilla nostin osaamiseni nollapohjalta huipulle.&nbsp;<\/p>\n\n\n\n<p>Tied\u00e4n, ett\u00e4 seuraamalla samoja j\u00e4lki\u00e4, my\u00f6s sin\u00e4 tulet onnistumaan!<\/p>\n\n\n\n<p>\ud83d\udd25<strong><strong>Valmennus kest\u00e4\u00e4 tammikuusta toukokuuhun.&nbsp;<\/strong><\/strong><\/p>\n\n\n\n<blockquote class=\"wp-block-quote is-layout-flow wp-block-quote-is-layout-flow\">\n<p><\/p>\n<\/blockquote>\n\n\n\n<p>Viiden kuukauden kokonaisuus, jossa etenet vaihe vaiheelta kohti koep\u00e4iv\u00e4\u00e4. Jokainen kuukausi tuo sinulle uuden taidon, uudet ty\u00f6kalut ja vahvemman perustan koep\u00e4iv\u00e4\u00e4n.<br>Kaikki paketit :&nbsp;<strong>Start, Momentum, Huippu<\/strong>&nbsp;seuraavat samaa kehityskaarta \u2013 eri intensiteetill\u00e4.<\/p>\n\n\n\n<p>Erona paketeissa on vain, kuinka paljon henkil\u00f6kohtaista tukea haluat matkalle.<\/p>\n\n\n\n<p><strong>Aloitusp\u00e4iv\u00e4 12.1. Kesto p\u00e4\u00e4sykokeeseen asti 25.5.<\/strong><\/p>\n\n\n\n<ul class=\"wp-block-list\">\n<li><strong>Tammiku<\/strong>u: Aikapaine ja koetaktiikka<\/li>\n\n\n\n<li><strong>Helmikuu<\/strong>: Kokeiden analysointi<\/li>\n\n\n\n<li><strong>Maaliskuu<\/strong>: J\u00e4nnityksen kanssa sinuiksi<\/li>\n\n\n\n<li><strong>Huhtikuu<\/strong>: Kokonaisuuden hallinta<\/li>\n\n\n\n<li><strong>Toukokuu<\/strong>: Mielenrauha ja viimeistely<\/li>\n<\/ul>\n\n\n\n<blockquote class=\"wp-block-quote is-layout-flow wp-block-quote-is-layout-flow\">\n<p>&#8221;<strong>Kiitos t\u00e4st\u00e4 ihanasta p\u00e4iv\u00e4st\u00e4. Oon niin kiitollinen!&nbsp;<\/strong><\/p>\n\n\n\n<p><strong>Oon onnellinen, kun saan olla osa t\u00e4t\u00e4 porukkaa! T\u00e4\u00e4 on niit\u00e4 hetki\u00e4, kun tuntee todella olevansa elossa ja merkityksellinen<\/strong><strong>&#8221;<\/strong><br>\u2014&nbsp;Syksyn kurssilainen<\/p>\n<\/blockquote>\n\n\n\n<h3 class=\"wp-block-heading\">Kurssin sis\u00e4lt\u00f6<\/h3>\n\n\n\n<figure class=\"wp-block-image size-large\"><img loading=\"lazy\" decoding=\"async\" width=\"1024\" height=\"749\" src=\"https:\/\/medicmental.fi\/wp-content\/uploads\/2025\/11\/Nayttokuva-2025-11-21-kello-9.14.50-1024x749.png\" alt=\"\" class=\"wp-image-100\" srcset=\"https:\/\/medicmental.fi\/wp-content\/uploads\/2025\/11\/Nayttokuva-2025-11-21-kello-9.14.50-1024x749.png 1024w, https:\/\/medicmental.fi\/wp-content\/uploads\/2025\/11\/Nayttokuva-2025-11-21-kello-9.14.50-300x220.png 300w, https:\/\/medicmental.fi\/wp-content\/uploads\/2025\/11\/Nayttokuva-2025-11-21-kello-9.14.50-768x562.png 768w, https:\/\/medicmental.fi\/wp-content\/uploads\/2025\/11\/Nayttokuva-2025-11-21-kello-9.14.50.png 1268w\" sizes=\"auto, (max-width: 1024px) 100vw, 1024px\" \/><\/figure>\n\n\n\n<figure class=\"wp-block-image size-large\"><img loading=\"lazy\" decoding=\"async\" width=\"1024\" height=\"648\" src=\"https:\/\/medicmental.fi\/wp-content\/uploads\/2025\/11\/Nayttokuva-2025-11-21-kello-9.14.59-1024x648.png\" alt=\"\" class=\"wp-image-101\" srcset=\"https:\/\/medicmental.fi\/wp-content\/uploads\/2025\/11\/Nayttokuva-2025-11-21-kello-9.14.59-1024x648.png 1024w, https:\/\/medicmental.fi\/wp-content\/uploads\/2025\/11\/Nayttokuva-2025-11-21-kello-9.14.59-300x190.png 300w, https:\/\/medicmental.fi\/wp-content\/uploads\/2025\/11\/Nayttokuva-2025-11-21-kello-9.14.59-768x486.png 768w, https:\/\/medicmental.fi\/wp-content\/uploads\/2025\/11\/Nayttokuva-2025-11-21-kello-9.14.59.png 1258w\" sizes=\"auto, (max-width: 1024px) 100vw, 1024px\" \/><\/figure>\n\n\n\n<p><strong>Yhteinen Medic Mental -p\u00e4iv\u00e4 (kev\u00e4\u00e4ll\u00e4 2026)<\/strong><br>Kaikki valmennukseen osallistuvat saavat mahdollisuuden osallistua kev\u00e4\u00e4n yhteiseen Medic Mental -p\u00e4iv\u00e4\u00e4n.<\/p>\n\n\n\n<p>P\u00e4iv\u00e4n aikana pureudutaan yhdess\u00e4 mielenhallintaan ja kev\u00e4\u00e4n viimeistelyyn Hennan johdolla. Lis\u00e4ksi saamme toisistamme vertaistukea ja voimme jakaa kev\u00e4\u00e4n fiiliksi\u00e4.<\/p>\n\n\n\n<p>T\u00e4m\u00e4 on inspiroiva, l\u00e4mmin ja k\u00e4yt\u00e4nn\u00f6llinen p\u00e4iv\u00e4, joka kokoaa kaikki hakijat yhteen ennen p\u00e4\u00e4sykoetta.<\/p>\n\n\n\n<h3 class=\"wp-block-heading\"><strong>Mik\u00e4 erottaa muista?<\/strong><\/h3>\n\n\n\n<p>\u2728 T\u00e4m\u00e4 ei ole vain kurssi \u2013 t\u00e4m\u00e4 on&nbsp;<em>muutosohjelma sinulle, joka haluat p\u00e4\u00e4st\u00e4 sis\u00e4\u00e4n.<\/em><\/p>\n\n\n\n<ul class=\"wp-block-list\">\n<li><strong>Henkil\u00f6kohtainen tuki ja yksil\u00f6valmennus<\/strong><\/li>\n\n\n\n<li><strong>Rakenne, joka kehitt\u00e4\u00e4 eik\u00e4 kuormita<\/strong><\/li>\n\n\n\n<li><strong>Mindsetin asennus, ei pelkk\u00e4\u00e4 teoriaa<\/strong><\/li>\n\n\n\n<li><strong>Vertaistuki ja tsemppi samalta polulta kulkeneelta<\/strong><\/li>\n<\/ul>\n\n\n\n<p>Henna \u2013 l\u00e4\u00e4kishaun kokenut, Medic Mentalin perustaja.<br>\ud83d\udcac&nbsp;<em>&#8221;Haluan opettaa kaiken, mit\u00e4 toivoin itse tiet\u00e4v\u00e4ni ensimm\u00e4isin\u00e4 vuosinani.&#8221;<\/em><\/p>\n\n\n\n<h3 class=\"wp-block-heading\"><strong>Miksi t\u00e4m\u00e4 kurssi on olemassa?<\/strong><\/h3>\n\n\n\n<p><strong>Hakuvuosi voi olla yksin\u00e4inen, kuormittava ja ep\u00e4varma.<br>T\u00e4m\u00e4n ei tarvitse olla niin.<\/strong><\/p>\n\n\n\n<p>T\u00e4m\u00e4 kurssi auttaa sinua, jos:<\/p>\n\n\n\n<ul class=\"wp-block-list\">\n<li>Haluat p\u00e4\u00e4st\u00e4 l\u00e4\u00e4kikseen, mutta et tied\u00e4, miten aloittaa tai mihin keskitty\u00e4<\/li>\n\n\n\n<li>Kaipaat tukea ja konkretiaa, et vain materiaalia<\/li>\n\n\n\n<li>Tarvitset motivaatiota ja selkeytt\u00e4 tekemiseesi<\/li>\n\n\n\n<li>Haluat rakentaa vahvan henkisen ja taidollisen perustan kev\u00e4tt\u00e4 varten<\/li>\n<\/ul>\n\n\n\n<p><\/p>\n\n\n\n<figure class=\"wp-block-image size-large\"><img loading=\"lazy\" decoding=\"async\" width=\"1024\" height=\"321\" src=\"https:\/\/medicmental.fi\/wp-content\/uploads\/2025\/11\/Nayttokuva-2025-11-21-kello-9.20.03-1024x321.png\" alt=\"\" class=\"wp-image-104\" srcset=\"https:\/\/medicmental.fi\/wp-content\/uploads\/2025\/11\/Nayttokuva-2025-11-21-kello-9.20.03-1024x321.png 1024w, https:\/\/medicmental.fi\/wp-content\/uploads\/2025\/11\/Nayttokuva-2025-11-21-kello-9.20.03-300x94.png 300w, https:\/\/medicmental.fi\/wp-content\/uploads\/2025\/11\/Nayttokuva-2025-11-21-kello-9.20.03-768x241.png 768w, https:\/\/medicmental.fi\/wp-content\/uploads\/2025\/11\/Nayttokuva-2025-11-21-kello-9.20.03.png 1472w\" sizes=\"auto, (max-width: 1024px) 100vw, 1024px\" \/><\/figure>\n","protected":false},"excerpt":{"rendered":"<p>Medic Mental \u2013 Kev\u00e4\u00e4n 2026 Valmennus Mielen ja paineensietokyvyn valmennus l\u00e4\u00e4kiksen hakijoille. Tuodaan potentiaalisi esiin koetilanteessa! Miksi Medic Mental syntyi L\u00e4\u00e4kiksen p\u00e4\u00e4sykoe ei testaa vain tietoa \u2013 se testaa my\u00f6s mielenhallintaa.Olen itse k\u00e4ynyt viisi hakuprosessia l\u00e4pi, ja siksi halusin luoda valmennuksen, jossa jaan kaikki oppini ja keinot onnistumiseen. Kehitin itse uusia systeemej\u00e4 ja malleja, jotka&#8230;<\/p>\n","protected":false},"author":1,"featured_media":0,"parent":0,"menu_order":0,"comment_status":"closed","ping_status":"closed","template":"","meta":{"_kad_post_transparent":"","_kad_post_title":"","_kad_post_layout":"","_kad_post_sidebar_id":"","_kad_post_content_style":"","_kad_post_vertical_padding":"","_kad_post_feature":"","_kad_post_feature_position":"","_kad_post_header":false,"_kad_post_footer":false,"footnotes":""},"class_list":["post-25","page","type-page","status-publish","hentry"],"_links":{"self":[{"href":"https:\/\/medicmental.fi\/index.php?rest_route=\/wp\/v2\/pages\/25","targetHints":{"allow":["GET"]}}],"collection":[{"href":"https:\/\/medicmental.fi\/index.php?rest_route=\/wp\/v2\/pages"}],"about":[{"href":"https:\/\/medicmental.fi\/index.php?rest_route=\/wp\/v2\/types\/page"}],"author":[{"embeddable":true,"href":"https:\/\/medicmental.fi\/index.php?rest_route=\/wp\/v2\/users\/1"}],"replies":[{"embeddable":true,"href":"https:\/\/medicmental.fi\/index.php?rest_route=%2Fwp%2Fv2%2Fcomments&post=25"}],"version-history":[{"count":8,"href":"https:\/\/medicmental.fi\/index.php?rest_route=\/wp\/v2\/pages\/25\/revisions"}],"predecessor-version":[{"id":105,"href":"https:\/\/medicmental.fi\/index.php?rest_route=\/wp\/v2\/pages\/25\/revisions\/105"}],"wp:attachment":[{"href":"https:\/\/medicmental.fi\/index.php?rest_route=%2Fwp%2Fv2%2Fmedia&parent=25"}],"curies":[{"name":"wp","href":"https:\/\/api.w.org\/{rel}","templated":true}]}}