{"id":23,"date":"2025-09-07T11:49:41","date_gmt":"2025-09-07T11:49:41","guid":{"rendered":"https:\/\/medicmental.fi\/?page_id=23"},"modified":"2025-09-07T17:07:37","modified_gmt":"2025-09-07T17:07:37","slug":"tarinani","status":"publish","type":"page","link":"https:\/\/medicmental.fi\/?page_id=23","title":{"rendered":"Tarinani"},"content":{"rendered":"\n<div class=\"wp-block-media-text is-stacked-on-mobile\"><figure class=\"wp-block-media-text__media\"><img loading=\"lazy\" decoding=\"async\" width=\"693\" height=\"1024\" src=\"https:\/\/medicmental.fi\/wp-content\/uploads\/2025\/09\/IMG_2236-693x1024.jpeg\" alt=\"\" class=\"wp-image-70 size-full\" srcset=\"https:\/\/medicmental.fi\/wp-content\/uploads\/2025\/09\/IMG_2236-693x1024.jpeg 693w, https:\/\/medicmental.fi\/wp-content\/uploads\/2025\/09\/IMG_2236-203x300.jpeg 203w, https:\/\/medicmental.fi\/wp-content\/uploads\/2025\/09\/IMG_2236-768x1134.jpeg 768w, https:\/\/medicmental.fi\/wp-content\/uploads\/2025\/09\/IMG_2236.jpeg 914w\" sizes=\"auto, (max-width: 693px) 100vw, 693px\" \/><\/figure><div class=\"wp-block-media-text__content\">\n<h2 class=\"wp-block-heading\">Tieni l\u00e4\u00e4kikseen<\/h2>\n\n\n\n<p>Reittini l\u00e4\u00e4kikseen sis\u00e4lsi monia k\u00e4\u00e4nteit\u00e4 ja vei viisi vuotta p\u00e4\u00e4st\u00e4 lopulta sis\u00e4\u00e4n. N\u00e4iden vuosien aikana kohtasin monia vastoink\u00e4ymisi\u00e4, joiden avulla lopulta l\u00f6ysin itselleni toimivan mallin, joka toi minulle unelmieni koulupaikan. Opiskelutaktiikan ja kokeessa onnistumisen lis\u00e4ksi itselleni ratkaisevia oivalluksia tapahtui paljon henkisell\u00e4 puolella. Ymm\u00e4rsin, ett\u00e4 pelkk\u00e4 laskurutiini ei ollutkaan avain onneen. T\u00e4rke\u00e4\u00e4 oli luoda my\u00f6s rautaiset hermot ja luja itseluottamus, jotta viiden tunnin kokeessa saisi oman potentiaalinsa esiin.<\/p>\n\n\n\n<p>Merkitt\u00e4vi\u00e4 muutoksia tapahtui my\u00f6s siin\u00e4, miten ajatusmaailmani muuttui unelmani toteutumisesta. Kouluun p\u00e4\u00e4sy voi k\u00e4yd\u00e4 keve\u00e4sti ja ovet aukeavat parilla yritt\u00e4m\u00e4ll\u00e4. Omalla kohdallani oli kuitenkin kyse vaelluksesta hyvinkin vaihtelevassa maastossa, jossa vuoren huippuja seurasi aina haasteellisemmat rotkot.<\/p>\n\n\n\n<p>Medic Mentalin v\u00e4lityksell\u00e4, aion jakaa omaan kokemukseeni perustuvia havaintoja ja toimintatapojani, jonka avulla pitk\u00e4n matikan reputtaneesta luotiin lopulta valkotakkiin pukeutuva oman el\u00e4m\u00e4ns\u00e4 arkkitehti!<\/p>\n<\/div><\/div>\n\n\n\n<h1 class=\"wp-block-heading\"><strong>Medic Mentalin syntyminen<\/strong><\/h1>\n\n\n\n<p>P\u00e4\u00e4tin, ett\u00e4 sin\u00e4 kauniina p\u00e4iv\u00e4n\u00e4 kun unelmani toteutuu ja muutan mielikuvani todeksi, otan missiokseni jakaa oivalluksiani muille kaltaisilleni. Haluan toimia vankkana tukena ja taistelutoverinasi. Aion taivaltaa l\u00e4pi myrskyn vierell\u00e4si ja varmistaa, ett\u00e4 voimasi riitt\u00e4v\u00e4t loppuun asti. Lupaan valaa sinuun uskoa silloin, kun kaikki n\u00e4ytt\u00e4\u00e4 mahdottomalta. Tulet huomaamaan, ett\u00e4 kova ty\u00f6 palkitaan, ennemmin tai my\u00f6hemmin.&nbsp;<\/p>\n\n\n\n<p>Olen onnistunut, jos edes yksi saa omaan tekemiseens\u00e4 uskoa ja luo el\u00e4m\u00e4st\u00e4\u00e4n oman mestariteoksensa. Yhdess\u00e4 etsimme juuri sen puuttuvan palasen, joka muuttaa kaiken!&nbsp;<\/p>\n\n\n\n<div class=\"wp-block-buttons is-layout-flex wp-block-buttons-is-layout-flex\">\n<div class=\"wp-block-button\"><a class=\"wp-block-button__link wp-element-button\" href=\"https:\/\/medicmental.kit.com\/8a85ff8a67\">\ud83d\udc49Varaa maksuton 15 min kartoitus<\/a><\/div>\n<\/div>\n\n\n\n<figure class=\"wp-block-image size-large is-resized\"><img loading=\"lazy\" decoding=\"async\" width=\"794\" height=\"1024\" src=\"https:\/\/medicmental.fi\/wp-content\/uploads\/2025\/09\/image-12-794x1024.png\" alt=\"\" class=\"wp-image-55\" style=\"width:418px;height:auto\" srcset=\"https:\/\/medicmental.fi\/wp-content\/uploads\/2025\/09\/image-12-794x1024.png 794w, https:\/\/medicmental.fi\/wp-content\/uploads\/2025\/09\/image-12-233x300.png 233w, https:\/\/medicmental.fi\/wp-content\/uploads\/2025\/09\/image-12-768x991.png 768w, https:\/\/medicmental.fi\/wp-content\/uploads\/2025\/09\/image-12.png 1051w\" sizes=\"auto, (max-width: 794px) 100vw, 794px\" \/><\/figure>\n\n\n\n<h2 class=\"wp-block-heading\"><\/h2>\n","protected":false},"excerpt":{"rendered":"<p>Tieni l\u00e4\u00e4kikseen Reittini l\u00e4\u00e4kikseen sis\u00e4lsi monia k\u00e4\u00e4nteit\u00e4 ja vei viisi vuotta p\u00e4\u00e4st\u00e4 lopulta sis\u00e4\u00e4n. N\u00e4iden vuosien aikana kohtasin monia vastoink\u00e4ymisi\u00e4, joiden avulla lopulta l\u00f6ysin itselleni toimivan mallin, joka toi minulle unelmieni koulupaikan. Opiskelutaktiikan ja kokeessa onnistumisen lis\u00e4ksi itselleni ratkaisevia oivalluksia tapahtui paljon henkisell\u00e4 puolella. Ymm\u00e4rsin, ett\u00e4 pelkk\u00e4 laskurutiini ei ollutkaan avain onneen. T\u00e4rke\u00e4\u00e4 oli luoda&#8230;<\/p>\n","protected":false},"author":1,"featured_media":0,"parent":0,"menu_order":0,"comment_status":"closed","ping_status":"closed","template":"","meta":{"_kad_post_transparent":"","_kad_post_title":"","_kad_post_layout":"","_kad_post_sidebar_id":"","_kad_post_content_style":"","_kad_post_vertical_padding":"","_kad_post_feature":"","_kad_post_feature_position":"","_kad_post_header":false,"_kad_post_footer":false,"footnotes":""},"class_list":["post-23","page","type-page","status-publish","hentry"],"_links":{"self":[{"href":"https:\/\/medicmental.fi\/index.php?rest_route=\/wp\/v2\/pages\/23","targetHints":{"allow":["GET"]}}],"collection":[{"href":"https:\/\/medicmental.fi\/index.php?rest_route=\/wp\/v2\/pages"}],"about":[{"href":"https:\/\/medicmental.fi\/index.php?rest_route=\/wp\/v2\/types\/page"}],"author":[{"embeddable":true,"href":"https:\/\/medicmental.fi\/index.php?rest_route=\/wp\/v2\/users\/1"}],"replies":[{"embeddable":true,"href":"https:\/\/medicmental.fi\/index.php?rest_route=%2Fwp%2Fv2%2Fcomments&post=23"}],"version-history":[{"count":8,"href":"https:\/\/medicmental.fi\/index.php?rest_route=\/wp\/v2\/pages\/23\/revisions"}],"predecessor-version":[{"id":76,"href":"https:\/\/medicmental.fi\/index.php?rest_route=\/wp\/v2\/pages\/23\/revisions\/76"}],"wp:attachment":[{"href":"https:\/\/medicmental.fi\/index.php?rest_route=%2Fwp%2Fv2%2Fmedia&parent=23"}],"curies":[{"name":"wp","href":"https:\/\/api.w.org\/{rel}","templated":true}]}}