{"id":21,"date":"2025-09-07T11:49:14","date_gmt":"2025-09-07T11:49:14","guid":{"rendered":"https:\/\/medicmental.fi\/?page_id=21"},"modified":"2025-11-20T08:05:35","modified_gmt":"2025-11-20T08:05:35","slug":"etusivu","status":"publish","type":"page","link":"https:\/\/medicmental.fi\/","title":{"rendered":"Medic Mental"},"content":{"rendered":"\n<div class=\"wp-block-cover\"><img loading=\"lazy\" decoding=\"async\" width=\"768\" height=\"1024\" class=\"wp-block-cover__image-background wp-image-8 size-large\" alt=\"\" src=\"https:\/\/medicmental.fi\/wp-content\/uploads\/2025\/08\/5d6c18e2-f269-4b7b-b936-07d6d87cd3ad-768x1024.jpg\" data-object-fit=\"cover\" srcset=\"https:\/\/medicmental.fi\/wp-content\/uploads\/2025\/08\/5d6c18e2-f269-4b7b-b936-07d6d87cd3ad-768x1024.jpg 768w, https:\/\/medicmental.fi\/wp-content\/uploads\/2025\/08\/5d6c18e2-f269-4b7b-b936-07d6d87cd3ad-225x300.jpg 225w, https:\/\/medicmental.fi\/wp-content\/uploads\/2025\/08\/5d6c18e2-f269-4b7b-b936-07d6d87cd3ad-1152x1536.jpg 1152w, https:\/\/medicmental.fi\/wp-content\/uploads\/2025\/08\/5d6c18e2-f269-4b7b-b936-07d6d87cd3ad.jpg 1200w\" sizes=\"auto, (max-width: 768px) 100vw, 768px\" \/><span aria-hidden=\"true\" class=\"wp-block-cover__background has-background-dim\" style=\"background-color:#7e7c73\"><\/span><div class=\"wp-block-cover__inner-container is-layout-constrained wp-block-cover-is-layout-constrained\">\n<p class=\"has-text-align-center has-large-font-size\"><strong>MEDIC MENTAL<\/strong> <\/p>\n\n\n\n<p class=\"has-text-align-center has-large-font-size\"><strong>-Mentorointia mestariteoksesi luomiseen-<\/strong><\/p>\n\n\n\n<p><strong> <\/strong><\/p>\n<\/div><\/div>\n\n\n\n<h2 class=\"wp-block-heading\">Yhdess\u00e4 kohti unelmia<\/h2>\n\n\n\n<p>Medic Mental on perustettu kaikkia niit\u00e4 varten, jotka kantavat syd\u00e4mess\u00e4\u00e4n suurta unelmaa.&nbsp;Unelmaa, joka saattaa viel\u00e4 tuntua kaukaiselta ja ehk\u00e4 taitosi ylitt\u00e4v\u00e4lt\u00e4. Mutta ajatus sen toteutumisesta saa sis\u00e4isen liekkisi roihuamaan ja intohimosi syttym\u00e4\u00e4n.&nbsp;<\/p>\n\n\n\n<p>Kaikki alkaa p\u00e4\u00e4t\u00f6ksest\u00e4!<\/p>\n\n\n\n<h2 class=\"wp-block-heading\">Valmennus L\u00e4\u00e4kikseen<\/h2>\n\n\n\n<div class=\"wp-block-media-text is-stacked-on-mobile is-vertically-aligned-center\" style=\"grid-template-columns:20% auto\"><figure class=\"wp-block-media-text__media\"><img loading=\"lazy\" decoding=\"async\" width=\"566\" height=\"1024\" src=\"https:\/\/medicmental.fi\/wp-content\/uploads\/2025\/09\/C015F50E-E919-4474-8E01-CEAF92C38D7E-2-566x1024.jpg\" alt=\"Henna Salonen\n5.vuoden yleisl\u00e4\u00e4ketieteen opiskelija\" class=\"wp-image-86 size-full\" srcset=\"https:\/\/medicmental.fi\/wp-content\/uploads\/2025\/09\/C015F50E-E919-4474-8E01-CEAF92C38D7E-2-566x1024.jpg 566w, https:\/\/medicmental.fi\/wp-content\/uploads\/2025\/09\/C015F50E-E919-4474-8E01-CEAF92C38D7E-2-166x300.jpg 166w, https:\/\/medicmental.fi\/wp-content\/uploads\/2025\/09\/C015F50E-E919-4474-8E01-CEAF92C38D7E-2-768x1389.jpg 768w, https:\/\/medicmental.fi\/wp-content\/uploads\/2025\/09\/C015F50E-E919-4474-8E01-CEAF92C38D7E-2-849x1536.jpg 849w, https:\/\/medicmental.fi\/wp-content\/uploads\/2025\/09\/C015F50E-E919-4474-8E01-CEAF92C38D7E-2.jpg 964w\" sizes=\"auto, (max-width: 566px) 100vw, 566px\" \/><\/figure><div class=\"wp-block-media-text__content\">\n<p><strong>Tule mukaan valmennukseen<\/strong>, jossa jaan sinulle kaikki oppini viiden vuoden ajalta matkaltani l\u00e4\u00e4kikseen! Nelj\u00e4ss\u00e4 kuukaudessa opetan, mit\u00e4 l\u00e4\u00e4kikseen p\u00e4\u00e4sy vaatii ja miten jaksat kulkea sen itseesi uskoen niin kauan kunnes onnistut!<\/p>\n\n\n\n<div class=\"wp-block-group is-nowrap is-layout-flex wp-container-core-group-is-layout-ad2f72ca wp-block-group-is-layout-flex\">\n<p><strong>Varaa ilmainen kartoituspuhelu<\/strong> alta niin mietit\u00e4\u00e4n yhdess\u00e4, mist\u00e4 sun onnistuminen on viel\u00e4 kiinni!<\/p>\n<\/div>\n\n\n\n<div class=\"wp-block-buttons is-layout-flex wp-block-buttons-is-layout-flex\">\n<div class=\"wp-block-button\"><a class=\"wp-block-button__link wp-element-button\" href=\"https:\/\/medicmental.kit.com\/8a85ff8a67\">Varaa ilmainen puhelu t\u00e4st\u00e4!<\/a><\/div>\n<\/div>\n<\/div><\/div>\n\n\n\n<blockquote class=\"wp-block-quote is-layout-flow wp-block-quote-is-layout-flow\">\n<p>-Henna Salonen<br>5.vuoden yleisl\u00e4\u00e4ketieteen opiskelija<\/p>\n<\/blockquote>\n\n\n\n<div class=\"wp-block-buttons is-layout-flex wp-block-buttons-is-layout-flex\">\n<div class=\"wp-block-button\"><a class=\"wp-block-button__link wp-element-button\" href=\"https:\/\/medicmental.kit.com\/8abfefad84\" target=\"_blank\" rel=\"noreferrer noopener\">Lataa vinkkilista t\u00e4\u00e4lt\u00e4!<\/a><\/div>\n<\/div>\n\n\n\n<div class=\"wp-block-buttons is-layout-flex wp-block-buttons-is-layout-flex\">\n<div class=\"wp-block-button\"><a class=\"wp-block-button__link wp-element-button\" href=\"https:\/\/medicmental.kit.com\/7d82882e92\"> Tilaa viikoittaiset vinkit<\/a><\/div>\n<\/div>\n","protected":false},"excerpt":{"rendered":"<p>Yhdess\u00e4 kohti unelmia Medic Mental on perustettu kaikkia niit\u00e4 varten, jotka kantavat syd\u00e4mess\u00e4\u00e4n suurta unelmaa.&nbsp;Unelmaa, joka saattaa viel\u00e4 tuntua kaukaiselta ja ehk\u00e4 taitosi ylitt\u00e4v\u00e4lt\u00e4. Mutta ajatus sen toteutumisesta saa sis\u00e4isen liekkisi roihuamaan ja intohimosi syttym\u00e4\u00e4n.&nbsp; Kaikki alkaa p\u00e4\u00e4t\u00f6ksest\u00e4! Valmennus L\u00e4\u00e4kikseen -Henna Salonen5.vuoden yleisl\u00e4\u00e4ketieteen opiskelija<\/p>\n","protected":false},"author":1,"featured_media":0,"parent":0,"menu_order":0,"comment_status":"closed","ping_status":"closed","template":"","meta":{"_kad_post_transparent":"","_kad_post_title":"","_kad_post_layout":"","_kad_post_sidebar_id":"","_kad_post_content_style":"","_kad_post_vertical_padding":"","_kad_post_feature":"","_kad_post_feature_position":"","_kad_post_header":false,"_kad_post_footer":false,"footnotes":""},"class_list":["post-21","page","type-page","status-publish","hentry"],"_links":{"self":[{"href":"https:\/\/medicmental.fi\/index.php?rest_route=\/wp\/v2\/pages\/21","targetHints":{"allow":["GET"]}}],"collection":[{"href":"https:\/\/medicmental.fi\/index.php?rest_route=\/wp\/v2\/pages"}],"about":[{"href":"https:\/\/medicmental.fi\/index.php?rest_route=\/wp\/v2\/types\/page"}],"author":[{"embeddable":true,"href":"https:\/\/medicmental.fi\/index.php?rest_route=\/wp\/v2\/users\/1"}],"replies":[{"embeddable":true,"href":"https:\/\/medicmental.fi\/index.php?rest_route=%2Fwp%2Fv2%2Fcomments&post=21"}],"version-history":[{"count":16,"href":"https:\/\/medicmental.fi\/index.php?rest_route=\/wp\/v2\/pages\/21\/revisions"}],"predecessor-version":[{"id":96,"href":"https:\/\/medicmental.fi\/index.php?rest_route=\/wp\/v2\/pages\/21\/revisions\/96"}],"wp:attachment":[{"href":"https:\/\/medicmental.fi\/index.php?rest_route=%2Fwp%2Fv2%2Fmedia&parent=21"}],"curies":[{"name":"wp","href":"https:\/\/api.w.org\/{rel}","templated":true}]}}